{"id":340,"date":"2021-10-06T10:46:58","date_gmt":"2021-10-06T08:46:58","guid":{"rendered":"http:\/\/corona-feeling.de\/wordpress\/?page_id=340"},"modified":"2021-10-06T10:46:58","modified_gmt":"2021-10-06T08:46:58","slug":"juergen-raap","status":"publish","type":"page","link":"http:\/\/corona-feeling.de\/wordpress\/juergen-raap\/","title":{"rendered":"J\u00fcrgen Raap"},"content":{"rendered":"\n<div style=\"height:55px\" aria-hidden=\"true\" class=\"wp-block-spacer\"><\/div>\n\n\n\n<div class=\"wp-block-group alignfull has-background\" style=\"background-color:#e5e9ec\"><div class=\"wp-block-group__inner-container is-layout-flow wp-block-group-is-layout-flow\">\n<div class=\"wp-block-columns is-layout-flex wp-container-core-columns-is-layout-9d6595d7 wp-block-columns-is-layout-flex\">\n<div class=\"wp-block-column is-vertically-aligned-center is-layout-flow wp-block-column-is-layout-flow\">\n<p><strong>\u201eCorona-Kr\u00e4tzchen&#8220;<\/strong><\/p>\n\n\n\n<p><strong> Foto-Textcollage\/Xerografie, 2021<\/strong><\/p>\n\n\n\n<p>J\u00fcrgen Raap, geboren und aufgewachsen in K\u00f6ln, studierte nach dem&nbsp;Abitur&nbsp;von 1971 bis 1976&nbsp;Kunstwissenschaft&nbsp;und&nbsp;Germanistik&nbsp;an der&nbsp;Universit\u00e4t K\u00f6ln. Er schloss dieses&nbsp;Studium&nbsp;mit dem&nbsp;Ersten Staatsexamen&nbsp;ab. Von 1977 bis 1982 studierte er die F\u00e4cher&nbsp;Malerei&nbsp;und&nbsp;Multimedia&nbsp;an der&nbsp;Fachhochschule K\u00f6ln. Seit Anfang der&nbsp;1980er Jahre&nbsp;ist er als&nbsp;freier&nbsp;Schriftsteller,&nbsp;Journalist&nbsp;und&nbsp;Kunstkritiker&nbsp;t\u00e4tig und tritt als&nbsp;Performance-K\u00fcnstler&nbsp;auf.<\/p>\n\n\n\n<div class=\"wp-block-buttons is-content-justification-left is-layout-flex wp-block-buttons-is-layout-flex\">\n<div class=\"wp-block-button is-style-outline is-style-outline--1\"><a class=\"wp-block-button__link no-border-radius\" href=\"http:\/\/www.karljosefbaer.kallnbach.de\/index.html\" target=\"_blank\" rel=\"noreferrer noopener\">mehr \u00fcber J\u00fcrgen Raap<\/a><\/div>\n<\/div>\n\n\n\n<p><\/p>\n<\/div>\n\n\n\n<div class=\"wp-block-column is-layout-flow wp-block-column-is-layout-flow\">\n<div style=\"height:48px\" aria-hidden=\"true\" class=\"wp-block-spacer\"><\/div>\n\n\n\n<div class=\"wp-block-image\"><figure class=\"aligncenter size-full\"><img fetchpriority=\"high\" decoding=\"async\" width=\"283\" height=\"378\" src=\"http:\/\/corona-feeling.de\/wordpress\/wp-content\/uploads\/2021\/10\/web_Juergen-Raap_Corona-Kraetzchen.jpg\" alt=\"\" class=\"wp-image-409\" srcset=\"http:\/\/corona-feeling.de\/wordpress\/wp-content\/uploads\/2021\/10\/web_Juergen-Raap_Corona-Kraetzchen.jpg 283w, http:\/\/corona-feeling.de\/wordpress\/wp-content\/uploads\/2021\/10\/web_Juergen-Raap_Corona-Kraetzchen-225x300.jpg 225w\" sizes=\"(max-width: 283px) 100vw, 283px\" \/><figcaption>J\u00fcrgen Raap: &#8222;Corona-Kr\u00e4tzchen&#8220;<\/figcaption><\/figure><\/div>\n\n\n\n<p><\/p>\n<\/div>\n<\/div>\n<\/div><\/div>\n","protected":false},"excerpt":{"rendered":"<p>\u201eCorona-Kr\u00e4tzchen&#8220; Foto-Textcollage\/Xerografie, 2021 J\u00fcrgen Raap, geboren und aufgewachsen in K\u00f6ln, studierte nach dem&nbsp;Abitur&nbsp;von 1971 bis 1976&nbsp;Kunstwissenschaft&nbsp;und&nbsp;Germanistik&nbsp;an der&nbsp;Universit\u00e4t K\u00f6ln. Er schloss dieses&nbsp;Studium&nbsp;mit dem&nbsp;Ersten Staatsexamen&nbsp;ab. Von 1977 bis 1982 studierte er die F\u00e4cher&nbsp;Malerei&nbsp;und&nbsp;Multimedia&nbsp;an der&nbsp;Fachhochschule K\u00f6ln. Seit Anfang der&nbsp;1980er Jahre&nbsp;ist er als&nbsp;freier&nbsp;Schriftsteller,&nbsp;Journalist&nbsp;und&nbsp;Kunstkritiker&nbsp;t\u00e4tig und tritt als&nbsp;Performance-K\u00fcnstler&nbsp;auf.<\/p>\n","protected":false},"author":1,"featured_media":0,"parent":0,"menu_order":0,"comment_status":"closed","ping_status":"closed","template":"","meta":{"footnotes":""},"class_list":["post-340","page","type-page","status-publish","hentry"],"_links":{"self":[{"href":"http:\/\/corona-feeling.de\/wordpress\/wp-json\/wp\/v2\/pages\/340","targetHints":{"allow":["GET"]}}],"collection":[{"href":"http:\/\/corona-feeling.de\/wordpress\/wp-json\/wp\/v2\/pages"}],"about":[{"href":"http:\/\/corona-feeling.de\/wordpress\/wp-json\/wp\/v2\/types\/page"}],"author":[{"embeddable":true,"href":"http:\/\/corona-feeling.de\/wordpress\/wp-json\/wp\/v2\/users\/1"}],"replies":[{"embeddable":true,"href":"http:\/\/corona-feeling.de\/wordpress\/wp-json\/wp\/v2\/comments?post=340"}],"version-history":[{"count":3,"href":"http:\/\/corona-feeling.de\/wordpress\/wp-json\/wp\/v2\/pages\/340\/revisions"}],"predecessor-version":[{"id":410,"href":"http:\/\/corona-feeling.de\/wordpress\/wp-json\/wp\/v2\/pages\/340\/revisions\/410"}],"wp:attachment":[{"href":"http:\/\/corona-feeling.de\/wordpress\/wp-json\/wp\/v2\/media?parent=340"}],"curies":[{"name":"wp","href":"https:\/\/api.w.org\/{rel}","templated":true}]}}