{"id":393,"date":"2021-10-06T10:32:26","date_gmt":"2021-10-06T08:32:26","guid":{"rendered":"http:\/\/corona-feeling.de\/wordpress\/?page_id=393"},"modified":"2021-10-06T10:32:26","modified_gmt":"2021-10-06T08:32:26","slug":"evamaria-schaller","status":"publish","type":"page","link":"http:\/\/corona-feeling.de\/wordpress\/evamaria-schaller\/","title":{"rendered":"Evamaria Schaller"},"content":{"rendered":"\n<div style=\"height:55px\" aria-hidden=\"true\" class=\"wp-block-spacer\"><\/div>\n\n\n\n<div class=\"wp-block-group alignfull has-background\" style=\"background-color:#e5e9ec\"><div class=\"wp-block-group__inner-container is-layout-flow wp-block-group-is-layout-flow\">\n<div class=\"wp-block-columns is-layout-flex wp-container-core-columns-is-layout-9d6595d7 wp-block-columns-is-layout-flex\">\n<div class=\"wp-block-column is-vertically-aligned-center is-layout-flow wp-block-column-is-layout-flow\">\n<p><strong>16.10.2021<\/strong><\/p>\n\n\n\n<p><strong>Eine f\u00fcr diese Reihe vor Ort entwickelte Performance \u2013 live in der Galerie<\/strong><\/p>\n\n\n\n<p>Evamaria Schaller (\u00d6sterreich) lebt und arbeitet in K\u00f6ln und \u00d6sterreich. Bis 2011 studierte sie Videokunst &amp; Performance an der Kunsthochschule f\u00fcr Medien, K\u00f6ln. Sie erhielt zahlreiche Auszeichnungen und Stipendien f\u00fcr ihre k\u00fcnstlerische Arbeit, die zwischen Performance und Videokunst oszilliert. In ihren Untersuchungen interveniert sie mit ortsspezifischen Gegebenheiten. Evamaria Schaller ist Mitbegr\u00fcnderin des PAErsche Aktionslabors (2010). Ihren k\u00fcnstlerischen Prozess beschreibt sie als den Versuch, &#8222;Zeit in Bilder im Raum&#8220; zu \u00fcbersetzen. Sie zeigt ihre Performance-Kunst international u.a. in China, Thailand, Marokko, Polen, oder Frankreich&#8230;<\/p>\n\n\n\n<div class=\"wp-block-buttons is-content-justification-left is-layout-flex wp-block-buttons-is-layout-flex\">\n<div class=\"wp-block-button is-style-outline is-style-outline--1\"><a class=\"wp-block-button__link no-border-radius\" href=\"https:\/\/www.efeumaria.com\" target=\"_blank\" rel=\"noreferrer noopener\">mehr \u00fcber Evamaria Schaller<\/a><\/div>\n<\/div>\n\n\n\n<p><\/p>\n<\/div>\n\n\n\n<div class=\"wp-block-column is-layout-flow wp-block-column-is-layout-flow\">\n<div style=\"height:48px\" aria-hidden=\"true\" class=\"wp-block-spacer\"><\/div>\n\n\n\n<div class=\"wp-block-image\"><figure class=\"aligncenter size-full is-resized\"><img fetchpriority=\"high\" decoding=\"async\" src=\"http:\/\/corona-feeling.de\/wordpress\/wp-content\/uploads\/2021\/10\/web_Evamaria-Schaller_Suendenbock_Es-ist-der-Hirsch-durch-Nach-und-Wind..._-2021.jpg\" alt=\"S\u00fcndenbock, &quot;Es ist der Hirsch durch Nach und Wind,...&quot;, 2021\" class=\"wp-image-394\" width=\"318\" height=\"486\" srcset=\"http:\/\/corona-feeling.de\/wordpress\/wp-content\/uploads\/2021\/10\/web_Evamaria-Schaller_Suendenbock_Es-ist-der-Hirsch-durch-Nach-und-Wind..._-2021.jpg 567w, http:\/\/corona-feeling.de\/wordpress\/wp-content\/uploads\/2021\/10\/web_Evamaria-Schaller_Suendenbock_Es-ist-der-Hirsch-durch-Nach-und-Wind..._-2021-196x300.jpg 196w\" sizes=\"(max-width: 318px) 100vw, 318px\" \/><figcaption>Evamaria Schaller: S\u00fcndenbock, &#8222;Es ist der Hirsch durch Nach und Wind,&#8230;&#8220;, 2021<\/figcaption><\/figure><\/div>\n<\/div>\n<\/div>\n<\/div><\/div>\n","protected":false},"excerpt":{"rendered":"<p>16.10.2021 Eine f\u00fcr diese Reihe vor Ort entwickelte Performance \u2013 live in der Galerie Evamaria Schaller (\u00d6sterreich) lebt und arbeitet in K\u00f6ln und \u00d6sterreich. Bis 2011 studierte sie Videokunst &amp; Performance an der Kunsthochschule f\u00fcr Medien, K\u00f6ln. Sie erhielt zahlreiche Auszeichnungen und Stipendien f\u00fcr ihre k\u00fcnstlerische Arbeit, die zwischen Performance und Videokunst oszilliert. In ihren &hellip; <\/p>\n<p class=\"link-more\"><a href=\"http:\/\/corona-feeling.de\/wordpress\/evamaria-schaller\/\" class=\"more-link\">Mehr <span class=\"screen-reader-text\">\u00fcber &#8222;Evamaria Schaller&#8220; <\/span>Lesen<\/a><\/p>\n","protected":false},"author":1,"featured_media":0,"parent":0,"menu_order":0,"comment_status":"closed","ping_status":"closed","template":"","meta":{"footnotes":""},"class_list":["post-393","page","type-page","status-publish","hentry"],"_links":{"self":[{"href":"http:\/\/corona-feeling.de\/wordpress\/wp-json\/wp\/v2\/pages\/393","targetHints":{"allow":["GET"]}}],"collection":[{"href":"http:\/\/corona-feeling.de\/wordpress\/wp-json\/wp\/v2\/pages"}],"about":[{"href":"http:\/\/corona-feeling.de\/wordpress\/wp-json\/wp\/v2\/types\/page"}],"author":[{"embeddable":true,"href":"http:\/\/corona-feeling.de\/wordpress\/wp-json\/wp\/v2\/users\/1"}],"replies":[{"embeddable":true,"href":"http:\/\/corona-feeling.de\/wordpress\/wp-json\/wp\/v2\/comments?post=393"}],"version-history":[{"count":3,"href":"http:\/\/corona-feeling.de\/wordpress\/wp-json\/wp\/v2\/pages\/393\/revisions"}],"predecessor-version":[{"id":405,"href":"http:\/\/corona-feeling.de\/wordpress\/wp-json\/wp\/v2\/pages\/393\/revisions\/405"}],"wp:attachment":[{"href":"http:\/\/corona-feeling.de\/wordpress\/wp-json\/wp\/v2\/media?parent=393"}],"curies":[{"name":"wp","href":"https:\/\/api.w.org\/{rel}","templated":true}]}}